{"id":126,"date":"2023-03-20T09:24:28","date_gmt":"2023-03-20T09:24:28","guid":{"rendered":"https:\/\/fusingtracks.com\/?page_id=126"},"modified":"2023-03-31T08:57:40","modified_gmt":"2023-03-31T08:57:40","slug":"porducts-and-services","status":"publish","type":"page","link":"https:\/\/fusingtracks.com\/es\/porducts-and-services\/","title":{"rendered":"PRODUCTOS Y SERVICIOS"},"content":{"rendered":"<div class=\"wp-block-columns is-layout-flex wp-container-core-columns-is-layout-1 wp-block-columns-is-layout-flex\">\n<div class=\"wp-block-column is-layout-flow wp-block-column-is-layout-flow\">\n<figure class=\"wp-block-embed is-type-video is-provider-youtube wp-block-embed-youtube wp-embed-aspect-16-9 wp-has-aspect-ratio\"><div class=\"wp-block-embed__wrapper\">\n<iframe loading=\"lazy\" title=\"Exclusive soundtrack for podcast, vlog, youtube channel.\" width=\"648\" height=\"365\" src=\"https:\/\/www.youtube.com\/embed\/XfQCV9seCSA?feature=oembed\" frameborder=\"0\" allow=\"accelerometer; autoplay; clipboard-write; encrypted-media; gyroscope; picture-in-picture; web-share\" referrerpolicy=\"strict-origin-when-cross-origin\" allowfullscreen><\/iframe>\n<\/div><\/figure>\n<\/div>\n\n\n\n<div class=\"wp-block-column is-vertically-aligned-center is-layout-flow wp-block-column-is-layout-flow\">\n<p class=\"has-text-align-center\">Si buscas m\u00fasica libre de regal\u00edas para completar tu contenido de video, podcast, vlog, canal de YouTube, noticias, reportaje, audiolibro, tutorial, unboxing...<\/p>\n\n\n\n<p class=\"has-text-align-center\">O quiz\u00e1 necesitas un pack de m\u00fasica relacionada, y as\u00ed obtener de forma instant\u00e1nea una banda sonora para tu pel\u00edcula o videojuego.<\/p>\n\n\n\n<div style=\"height:49px\" aria-hidden=\"true\" class=\"wp-block-spacer\"><\/div>\n\n\n\n<div class=\"wp-block-buttons is-content-justification-center is-layout-flex wp-container-core-buttons-is-layout-1 wp-block-buttons-is-layout-flex\">\n<div class=\"wp-block-button has-custom-font-size is-style-fill has-small-font-size\"><a class=\"wp-block-button__link wp-element-button\" href=\"https:\/\/fusingtracks.com\/es\/stock-music-available\/\"><strong>M\u00daSICA DISPONIBLE EN STOCK<\/strong><\/a><\/div>\n<\/div>\n<\/div>\n<\/div>\n\n\n\n<hr class=\"wp-block-separator has-alpha-channel-opacity\"\/>\n\n\n\n<div class=\"wp-block-columns is-layout-flex wp-container-core-columns-is-layout-2 wp-block-columns-is-layout-flex\">\n<div class=\"wp-block-column is-vertically-aligned-center is-layout-flow wp-block-column-is-layout-flow\">\n<p class=\"has-text-align-center\">La mejor manera de conseguir la m\u00fasica perfecta para tu proyecto: M\u00fasica \u00fanica, creada expresamente para tus im\u00e1genes y emociones.<\/p>\n\n\n\n<div style=\"height:49px\" aria-hidden=\"true\" class=\"wp-block-spacer\"><\/div>\n\n\n\n<div class=\"wp-block-buttons is-content-justification-center is-layout-flex wp-container-core-buttons-is-layout-2 wp-block-buttons-is-layout-flex\">\n<div class=\"wp-block-button has-custom-font-size is-style-fill has-small-font-size\"><a class=\"wp-block-button__link wp-element-button\" href=\"https:\/\/fusingtracks.com\/es\/on-demand-service\/\"><strong>SERVICIO BAJO PEDIDO<\/strong><\/a><\/div>\n<\/div>\n<\/div>\n\n\n\n<div class=\"wp-block-column is-layout-flow wp-block-column-is-layout-flow\">\n<figure class=\"wp-block-embed is-type-video is-provider-youtube wp-block-embed-youtube wp-embed-aspect-16-9 wp-has-aspect-ratio\"><div class=\"wp-block-embed__wrapper\">\n<iframe loading=\"lazy\" title=\"Souvenirs de la Roumanie - Scored by Vicente S\u00e1nchez\" width=\"648\" height=\"365\" src=\"https:\/\/www.youtube.com\/embed\/N2CBORdC7f8?feature=oembed\" frameborder=\"0\" allow=\"accelerometer; autoplay; clipboard-write; encrypted-media; gyroscope; picture-in-picture; web-share\" referrerpolicy=\"strict-origin-when-cross-origin\" allowfullscreen><\/iframe>\n<\/div><\/figure>\n<\/div>\n<\/div>","protected":false},"excerpt":{"rendered":"<p>If you are looking for Royalty-Free music to complete your video content, podcast, vlog, Youtube channel, news, reports, audiobook, tutorial, unboxing&#8230; Or maybe you need a pack of related songs to instantly obtain a soundtrack for your movie or videogame. The best way to reach a perfect music sound for your project: Unique music created [&hellip;]<\/p>\n","protected":false},"author":1,"featured_media":0,"parent":0,"menu_order":0,"comment_status":"closed","ping_status":"closed","template":"","meta":{"_monsterinsights_skip_tracking":false,"_monsterinsights_sitenote_active":false,"_monsterinsights_sitenote_note":"","_monsterinsights_sitenote_category":0,"footnotes":""},"class_list":["post-126","page","type-page","status-publish","hentry"],"yoast_head":"<!-- This site is optimized with the Yoast SEO plugin v25.6 - https:\/\/yoast.com\/wordpress\/plugins\/seo\/ -->\n<title>PRODUCTS AND SERVICES - FUSING TRACKS STUDIO<\/title>\n<meta name=\"robots\" content=\"index, follow, max-snippet:-1, max-image-preview:large, max-video-preview:-1\" \/>\n<link rel=\"canonical\" href=\"https:\/\/fusingtracks.com\/es\/porducts-and-services\/\" \/>\n<meta property=\"og:locale\" content=\"es_ES\" \/>\n<meta property=\"og:type\" content=\"article\" \/>\n<meta property=\"og:title\" content=\"PRODUCTS AND SERVICES - FUSING TRACKS STUDIO\" \/>\n<meta property=\"og:description\" content=\"If you are looking for Royalty-Free music to complete your video content, podcast, vlog, Youtube channel, news, reports, audiobook, tutorial, unboxing&#8230; Or maybe you need a pack of related songs to instantly obtain a soundtrack for your movie or videogame. The best way to reach a perfect music sound for your project: Unique music created [&hellip;]\" \/>\n<meta property=\"og:url\" content=\"https:\/\/fusingtracks.com\/es\/porducts-and-services\/\" \/>\n<meta property=\"og:site_name\" content=\"FUSING TRACKS STUDIO\" \/>\n<meta property=\"article:publisher\" content=\"https:\/\/www.facebook.com\/vicentejosesanchezmusicaoriginal\" \/>\n<meta property=\"article:modified_time\" content=\"2023-03-31T08:57:40+00:00\" \/>\n<meta name=\"twitter:card\" content=\"summary_large_image\" \/>\n<meta name=\"twitter:site\" content=\"@fusing_tracks\" \/>\n<meta name=\"twitter:label1\" content=\"Tiempo de lectura\" \/>\n\t<meta name=\"twitter:data1\" content=\"1 minuto\" \/>\n<script type=\"application\/ld+json\" class=\"yoast-schema-graph\">{\"@context\":\"https:\/\/schema.org\",\"@graph\":[{\"@type\":\"WebPage\",\"@id\":\"https:\/\/fusingtracks.com\/porducts-and-services\/\",\"url\":\"https:\/\/fusingtracks.com\/porducts-and-services\/\",\"name\":\"PRODUCTS AND SERVICES - FUSING TRACKS STUDIO\",\"isPartOf\":{\"@id\":\"https:\/\/fusingtracks.com\/#website\"},\"datePublished\":\"2023-03-20T09:24:28+00:00\",\"dateModified\":\"2023-03-31T08:57:40+00:00\",\"breadcrumb\":{\"@id\":\"https:\/\/fusingtracks.com\/porducts-and-services\/#breadcrumb\"},\"inLanguage\":\"es\",\"potentialAction\":[{\"@type\":\"ReadAction\",\"target\":[\"https:\/\/fusingtracks.com\/porducts-and-services\/\"]}]},{\"@type\":\"BreadcrumbList\",\"@id\":\"https:\/\/fusingtracks.com\/porducts-and-services\/#breadcrumb\",\"itemListElement\":[{\"@type\":\"ListItem\",\"position\":1,\"name\":\"Home\",\"item\":\"https:\/\/fusingtracks.com\/\"},{\"@type\":\"ListItem\",\"position\":2,\"name\":\"PRODUCTS AND SERVICES\"}]},{\"@type\":\"WebSite\",\"@id\":\"https:\/\/fusingtracks.com\/#website\",\"url\":\"https:\/\/fusingtracks.com\/\",\"name\":\"FUSING TRACKS STUDIO\",\"description\":\"Music for video creators\",\"publisher\":{\"@id\":\"https:\/\/fusingtracks.com\/#organization\"},\"potentialAction\":[{\"@type\":\"SearchAction\",\"target\":{\"@type\":\"EntryPoint\",\"urlTemplate\":\"https:\/\/fusingtracks.com\/?s={search_term_string}\"},\"query-input\":{\"@type\":\"PropertyValueSpecification\",\"valueRequired\":true,\"valueName\":\"search_term_string\"}}],\"inLanguage\":\"es\"},{\"@type\":\"Organization\",\"@id\":\"https:\/\/fusingtracks.com\/#organization\",\"name\":\"FUSING TRACKS STUDIO\",\"url\":\"https:\/\/fusingtracks.com\/\",\"logo\":{\"@type\":\"ImageObject\",\"inLanguage\":\"es\",\"@id\":\"https:\/\/fusingtracks.com\/#\/schema\/logo\/image\/\",\"url\":\"https:\/\/fusingtracks.com\/wp-content\/uploads\/2023\/03\/FTS-LOGO3-transparente-volumen.png\",\"contentUrl\":\"https:\/\/fusingtracks.com\/wp-content\/uploads\/2023\/03\/FTS-LOGO3-transparente-volumen.png\",\"width\":246,\"height\":225,\"caption\":\"FUSING TRACKS STUDIO\"},\"image\":{\"@id\":\"https:\/\/fusingtracks.com\/#\/schema\/logo\/image\/\"},\"sameAs\":[\"https:\/\/www.facebook.com\/vicentejosesanchezmusicaoriginal\",\"https:\/\/x.com\/fusing_tracks\"]}]}<\/script>\n<!-- \/ Yoast SEO plugin. -->","yoast_head_json":{"title":"PRODUCTS AND SERVICES - FUSING TRACKS STUDIO","robots":{"index":"index","follow":"follow","max-snippet":"max-snippet:-1","max-image-preview":"max-image-preview:large","max-video-preview":"max-video-preview:-1"},"canonical":"https:\/\/fusingtracks.com\/es\/porducts-and-services\/","og_locale":"es_ES","og_type":"article","og_title":"PRODUCTS AND SERVICES - FUSING TRACKS STUDIO","og_description":"If you are looking for Royalty-Free music to complete your video content, podcast, vlog, Youtube channel, news, reports, audiobook, tutorial, unboxing&#8230; Or maybe you need a pack of related songs to instantly obtain a soundtrack for your movie or videogame. The best way to reach a perfect music sound for your project: Unique music created [&hellip;]","og_url":"https:\/\/fusingtracks.com\/es\/porducts-and-services\/","og_site_name":"FUSING TRACKS STUDIO","article_publisher":"https:\/\/www.facebook.com\/vicentejosesanchezmusicaoriginal","article_modified_time":"2023-03-31T08:57:40+00:00","twitter_card":"summary_large_image","twitter_site":"@fusing_tracks","twitter_misc":{"Tiempo de lectura":"1 minuto"},"schema":{"@context":"https:\/\/schema.org","@graph":[{"@type":"WebPage","@id":"https:\/\/fusingtracks.com\/porducts-and-services\/","url":"https:\/\/fusingtracks.com\/porducts-and-services\/","name":"PRODUCTS AND SERVICES - FUSING TRACKS STUDIO","isPartOf":{"@id":"https:\/\/fusingtracks.com\/#website"},"datePublished":"2023-03-20T09:24:28+00:00","dateModified":"2023-03-31T08:57:40+00:00","breadcrumb":{"@id":"https:\/\/fusingtracks.com\/porducts-and-services\/#breadcrumb"},"inLanguage":"es","potentialAction":[{"@type":"ReadAction","target":["https:\/\/fusingtracks.com\/porducts-and-services\/"]}]},{"@type":"BreadcrumbList","@id":"https:\/\/fusingtracks.com\/porducts-and-services\/#breadcrumb","itemListElement":[{"@type":"ListItem","position":1,"name":"Home","item":"https:\/\/fusingtracks.com\/"},{"@type":"ListItem","position":2,"name":"PRODUCTS AND SERVICES"}]},{"@type":"WebSite","@id":"https:\/\/fusingtracks.com\/#website","url":"https:\/\/fusingtracks.com\/","name":"ESTUDIO DE PISTAS DE FUSI\u00d3N","description":"Music for video creators","publisher":{"@id":"https:\/\/fusingtracks.com\/#organization"},"potentialAction":[{"@type":"SearchAction","target":{"@type":"EntryPoint","urlTemplate":"https:\/\/fusingtracks.com\/?s={search_term_string}"},"query-input":{"@type":"PropertyValueSpecification","valueRequired":true,"valueName":"search_term_string"}}],"inLanguage":"es"},{"@type":"Organization","@id":"https:\/\/fusingtracks.com\/#organization","name":"ESTUDIO DE PISTAS DE FUSI\u00d3N","url":"https:\/\/fusingtracks.com\/","logo":{"@type":"ImageObject","inLanguage":"es","@id":"https:\/\/fusingtracks.com\/#\/schema\/logo\/image\/","url":"https:\/\/fusingtracks.com\/wp-content\/uploads\/2023\/03\/FTS-LOGO3-transparente-volumen.png","contentUrl":"https:\/\/fusingtracks.com\/wp-content\/uploads\/2023\/03\/FTS-LOGO3-transparente-volumen.png","width":246,"height":225,"caption":"FUSING TRACKS STUDIO"},"image":{"@id":"https:\/\/fusingtracks.com\/#\/schema\/logo\/image\/"},"sameAs":["https:\/\/www.facebook.com\/vicentejosesanchezmusicaoriginal","https:\/\/x.com\/fusing_tracks"]}]}},"_links":{"self":[{"href":"https:\/\/fusingtracks.com\/es\/wp-json\/wp\/v2\/pages\/126"}],"collection":[{"href":"https:\/\/fusingtracks.com\/es\/wp-json\/wp\/v2\/pages"}],"about":[{"href":"https:\/\/fusingtracks.com\/es\/wp-json\/wp\/v2\/types\/page"}],"author":[{"embeddable":true,"href":"https:\/\/fusingtracks.com\/es\/wp-json\/wp\/v2\/users\/1"}],"replies":[{"embeddable":true,"href":"https:\/\/fusingtracks.com\/es\/wp-json\/wp\/v2\/comments?post=126"}],"version-history":[{"count":25,"href":"https:\/\/fusingtracks.com\/es\/wp-json\/wp\/v2\/pages\/126\/revisions"}],"predecessor-version":[{"id":452,"href":"https:\/\/fusingtracks.com\/es\/wp-json\/wp\/v2\/pages\/126\/revisions\/452"}],"wp:attachment":[{"href":"https:\/\/fusingtracks.com\/es\/wp-json\/wp\/v2\/media?parent=126"}],"curies":[{"name":"wp","href":"https:\/\/api.w.org\/{rel}","templated":true}]}}