{"id":31,"date":"2023-03-18T12:07:40","date_gmt":"2023-03-18T12:07:40","guid":{"rendered":"https:\/\/fusingtracks.com\/?page_id=31"},"modified":"2023-03-21T15:31:48","modified_gmt":"2023-03-21T15:31:48","slug":"about","status":"publish","type":"page","link":"https:\/\/fusingtracks.com\/es\/about\/","title":{"rendered":"SOBRE M\u00cd"},"content":{"rendered":"<figure><img decoding=\"async\" src=\"https:\/\/fusingtracks.com\/wp-content\/uploads\/2023\/03\/playa-invierno-rec1-1024x576.jpg\" alt=\"\"><\/figure>\n\n\n<hr class=\"wp-block-separator has-alpha-channel-opacity\"\/>\n\n\n<div class=\"wp-block-image\">\n<figure class=\"aligncenter size-full is-resized\"><img loading=\"lazy\" decoding=\"async\" src=\"https:\/\/fusingtracks.com\/wp-content\/uploads\/2023\/03\/FTS-LOGO7-GRIS-V3-HEADER-1.png\" alt=\"\" class=\"wp-image-199\" width=\"371\" height=\"136\"\/><\/figure><\/div>\n\n\n<p class=\"has-text-align-center\"><strong>es mi proyecto de m\u00fasica original para creadores audiovisuales<\/strong><\/p>\n\n\n\n<hr class=\"wp-block-separator has-alpha-channel-opacity\"\/>\n\n\n\n<p class=\"translation-block\">Hola. Soy <strong>Vicente S\u00e1nchez<\/strong> y he estado componiendo m\u00fasica durante a\u00f1os, apostando especialmente en bandas sonoras y m\u00fasica para audiovisuales.<\/p>\n\n\n\n<p>Despu\u00e9s de haber hecho composiciones para documentales, reportajes y programas de TV, ahora estoy creando tambi\u00e9n sonidos con diferentes emociones para el mercado de Licencias Royalty-free, as\u00ed como m\u00fasica no lineal para videojuegos.<\/p>\n\n\n\n<p>Mi objetivo es crear un estilo personal, as\u00ed que mis principales g\u00e9neros son en realidad bastante h\u00edbridos, desde electro-ac\u00fastico \u00edntimo, cool jazz pop, dance retro-electr\u00f3nico, synth-folk cinem\u00e1tico, pero siempre enfocado en la emoci\u00f3n de las im\u00e1genes, desde un arreglo est\u00e1ndar para una banda, usando instrumentaci\u00f3n orquestal o incluso a trav\u00e9s de atm\u00f3sferas abstractas.<\/p>","protected":false},"excerpt":{"rendered":"<p>is my project of original music for content creators I am Vicente S\u00e1nchez and I have been composing for years, betting especially on soundtracks and music for audiovisuals. After making music for documentaries, reports and TV shows, I now focus on composing music in different moods for the royalty-free music market, as well as non-linear [&hellip;]<\/p>\n","protected":false},"author":1,"featured_media":0,"parent":0,"menu_order":0,"comment_status":"closed","ping_status":"closed","template":"","meta":{"_monsterinsights_skip_tracking":false,"_monsterinsights_sitenote_active":false,"_monsterinsights_sitenote_note":"","_monsterinsights_sitenote_category":0,"footnotes":""},"class_list":["post-31","page","type-page","status-publish","hentry"],"yoast_head":"<!-- This site is optimized with the Yoast SEO plugin v25.6 - https:\/\/yoast.com\/wordpress\/plugins\/seo\/ -->\n<title>About - FUSING TRACKS STUDIO<\/title>\n<meta name=\"robots\" content=\"index, follow, max-snippet:-1, max-image-preview:large, max-video-preview:-1\" \/>\n<link rel=\"canonical\" href=\"https:\/\/fusingtracks.com\/es\/about\/\" \/>\n<meta property=\"og:locale\" content=\"es_ES\" \/>\n<meta property=\"og:type\" content=\"article\" \/>\n<meta property=\"og:title\" content=\"About - FUSING TRACKS STUDIO\" \/>\n<meta property=\"og:description\" content=\"is my project of original music for content creators I am Vicente S\u00e1nchez and I have been composing for years, betting especially on soundtracks and music for audiovisuals. After making music for documentaries, reports and TV shows, I now focus on composing music in different moods for the royalty-free music market, as well as non-linear [&hellip;]\" \/>\n<meta property=\"og:url\" content=\"https:\/\/fusingtracks.com\/es\/about\/\" \/>\n<meta property=\"og:site_name\" content=\"FUSING TRACKS STUDIO\" \/>\n<meta property=\"article:publisher\" content=\"https:\/\/www.facebook.com\/vicentejosesanchezmusicaoriginal\" \/>\n<meta property=\"article:modified_time\" content=\"2023-03-21T15:31:48+00:00\" \/>\n<meta property=\"og:image\" content=\"https:\/\/fusingtracks.com\/wp-content\/uploads\/2023\/03\/playa-invierno-rec1-1024x576.jpg\" \/>\n<meta name=\"twitter:card\" content=\"summary_large_image\" \/>\n<meta name=\"twitter:site\" content=\"@fusing_tracks\" \/>\n<meta name=\"twitter:label1\" content=\"Tiempo de lectura\" \/>\n\t<meta name=\"twitter:data1\" content=\"1 minuto\" \/>\n<script type=\"application\/ld+json\" class=\"yoast-schema-graph\">{\"@context\":\"https:\/\/schema.org\",\"@graph\":[{\"@type\":\"WebPage\",\"@id\":\"https:\/\/fusingtracks.com\/about\/\",\"url\":\"https:\/\/fusingtracks.com\/about\/\",\"name\":\"About - FUSING TRACKS STUDIO\",\"isPartOf\":{\"@id\":\"https:\/\/fusingtracks.com\/#website\"},\"primaryImageOfPage\":{\"@id\":\"https:\/\/fusingtracks.com\/about\/#primaryimage\"},\"image\":{\"@id\":\"https:\/\/fusingtracks.com\/about\/#primaryimage\"},\"thumbnailUrl\":\"https:\/\/fusingtracks.com\/wp-content\/uploads\/2023\/03\/playa-invierno-rec1-1024x576.jpg\",\"datePublished\":\"2023-03-18T12:07:40+00:00\",\"dateModified\":\"2023-03-21T15:31:48+00:00\",\"breadcrumb\":{\"@id\":\"https:\/\/fusingtracks.com\/about\/#breadcrumb\"},\"inLanguage\":\"es\",\"potentialAction\":[{\"@type\":\"ReadAction\",\"target\":[\"https:\/\/fusingtracks.com\/about\/\"]}]},{\"@type\":\"ImageObject\",\"inLanguage\":\"es\",\"@id\":\"https:\/\/fusingtracks.com\/about\/#primaryimage\",\"url\":\"https:\/\/fusingtracks.com\/wp-content\/uploads\/2023\/03\/playa-invierno-rec1-1024x576.jpg\",\"contentUrl\":\"https:\/\/fusingtracks.com\/wp-content\/uploads\/2023\/03\/playa-invierno-rec1-1024x576.jpg\"},{\"@type\":\"BreadcrumbList\",\"@id\":\"https:\/\/fusingtracks.com\/about\/#breadcrumb\",\"itemListElement\":[{\"@type\":\"ListItem\",\"position\":1,\"name\":\"Home\",\"item\":\"https:\/\/fusingtracks.com\/\"},{\"@type\":\"ListItem\",\"position\":2,\"name\":\"About\"}]},{\"@type\":\"WebSite\",\"@id\":\"https:\/\/fusingtracks.com\/#website\",\"url\":\"https:\/\/fusingtracks.com\/\",\"name\":\"FUSING TRACKS STUDIO\",\"description\":\"Music for video creators\",\"publisher\":{\"@id\":\"https:\/\/fusingtracks.com\/#organization\"},\"potentialAction\":[{\"@type\":\"SearchAction\",\"target\":{\"@type\":\"EntryPoint\",\"urlTemplate\":\"https:\/\/fusingtracks.com\/?s={search_term_string}\"},\"query-input\":{\"@type\":\"PropertyValueSpecification\",\"valueRequired\":true,\"valueName\":\"search_term_string\"}}],\"inLanguage\":\"es\"},{\"@type\":\"Organization\",\"@id\":\"https:\/\/fusingtracks.com\/#organization\",\"name\":\"FUSING TRACKS STUDIO\",\"url\":\"https:\/\/fusingtracks.com\/\",\"logo\":{\"@type\":\"ImageObject\",\"inLanguage\":\"es\",\"@id\":\"https:\/\/fusingtracks.com\/#\/schema\/logo\/image\/\",\"url\":\"https:\/\/fusingtracks.com\/wp-content\/uploads\/2023\/03\/FTS-LOGO3-transparente-volumen.png\",\"contentUrl\":\"https:\/\/fusingtracks.com\/wp-content\/uploads\/2023\/03\/FTS-LOGO3-transparente-volumen.png\",\"width\":246,\"height\":225,\"caption\":\"FUSING TRACKS STUDIO\"},\"image\":{\"@id\":\"https:\/\/fusingtracks.com\/#\/schema\/logo\/image\/\"},\"sameAs\":[\"https:\/\/www.facebook.com\/vicentejosesanchezmusicaoriginal\",\"https:\/\/x.com\/fusing_tracks\"]}]}<\/script>\n<!-- \/ Yoast SEO plugin. -->","yoast_head_json":{"title":"About - FUSING TRACKS STUDIO","robots":{"index":"index","follow":"follow","max-snippet":"max-snippet:-1","max-image-preview":"max-image-preview:large","max-video-preview":"max-video-preview:-1"},"canonical":"https:\/\/fusingtracks.com\/es\/about\/","og_locale":"es_ES","og_type":"article","og_title":"About - FUSING TRACKS STUDIO","og_description":"is my project of original music for content creators I am Vicente S\u00e1nchez and I have been composing for years, betting especially on soundtracks and music for audiovisuals. After making music for documentaries, reports and TV shows, I now focus on composing music in different moods for the royalty-free music market, as well as non-linear [&hellip;]","og_url":"https:\/\/fusingtracks.com\/es\/about\/","og_site_name":"FUSING TRACKS STUDIO","article_publisher":"https:\/\/www.facebook.com\/vicentejosesanchezmusicaoriginal","article_modified_time":"2023-03-21T15:31:48+00:00","og_image":[{"url":"https:\/\/fusingtracks.com\/wp-content\/uploads\/2023\/03\/playa-invierno-rec1-1024x576.jpg","type":"","width":"","height":""}],"twitter_card":"summary_large_image","twitter_site":"@fusing_tracks","twitter_misc":{"Tiempo de lectura":"1 minuto"},"schema":{"@context":"https:\/\/schema.org","@graph":[{"@type":"WebPage","@id":"https:\/\/fusingtracks.com\/about\/","url":"https:\/\/fusingtracks.com\/about\/","name":"About - FUSING TRACKS STUDIO","isPartOf":{"@id":"https:\/\/fusingtracks.com\/#website"},"primaryImageOfPage":{"@id":"https:\/\/fusingtracks.com\/about\/#primaryimage"},"image":{"@id":"https:\/\/fusingtracks.com\/about\/#primaryimage"},"thumbnailUrl":"https:\/\/fusingtracks.com\/wp-content\/uploads\/2023\/03\/playa-invierno-rec1-1024x576.jpg","datePublished":"2023-03-18T12:07:40+00:00","dateModified":"2023-03-21T15:31:48+00:00","breadcrumb":{"@id":"https:\/\/fusingtracks.com\/about\/#breadcrumb"},"inLanguage":"es","potentialAction":[{"@type":"ReadAction","target":["https:\/\/fusingtracks.com\/about\/"]}]},{"@type":"ImageObject","inLanguage":"es","@id":"https:\/\/fusingtracks.com\/about\/#primaryimage","url":"https:\/\/fusingtracks.com\/wp-content\/uploads\/2023\/03\/playa-invierno-rec1-1024x576.jpg","contentUrl":"https:\/\/fusingtracks.com\/wp-content\/uploads\/2023\/03\/playa-invierno-rec1-1024x576.jpg"},{"@type":"BreadcrumbList","@id":"https:\/\/fusingtracks.com\/about\/#breadcrumb","itemListElement":[{"@type":"ListItem","position":1,"name":"Home","item":"https:\/\/fusingtracks.com\/"},{"@type":"ListItem","position":2,"name":"About"}]},{"@type":"WebSite","@id":"https:\/\/fusingtracks.com\/#website","url":"https:\/\/fusingtracks.com\/","name":"ESTUDIO DE PISTAS DE FUSI\u00d3N","description":"Music for video creators","publisher":{"@id":"https:\/\/fusingtracks.com\/#organization"},"potentialAction":[{"@type":"SearchAction","target":{"@type":"EntryPoint","urlTemplate":"https:\/\/fusingtracks.com\/?s={search_term_string}"},"query-input":{"@type":"PropertyValueSpecification","valueRequired":true,"valueName":"search_term_string"}}],"inLanguage":"es"},{"@type":"Organization","@id":"https:\/\/fusingtracks.com\/#organization","name":"ESTUDIO DE PISTAS DE FUSI\u00d3N","url":"https:\/\/fusingtracks.com\/","logo":{"@type":"ImageObject","inLanguage":"es","@id":"https:\/\/fusingtracks.com\/#\/schema\/logo\/image\/","url":"https:\/\/fusingtracks.com\/wp-content\/uploads\/2023\/03\/FTS-LOGO3-transparente-volumen.png","contentUrl":"https:\/\/fusingtracks.com\/wp-content\/uploads\/2023\/03\/FTS-LOGO3-transparente-volumen.png","width":246,"height":225,"caption":"FUSING TRACKS STUDIO"},"image":{"@id":"https:\/\/fusingtracks.com\/#\/schema\/logo\/image\/"},"sameAs":["https:\/\/www.facebook.com\/vicentejosesanchezmusicaoriginal","https:\/\/x.com\/fusing_tracks"]}]}},"_links":{"self":[{"href":"https:\/\/fusingtracks.com\/es\/wp-json\/wp\/v2\/pages\/31"}],"collection":[{"href":"https:\/\/fusingtracks.com\/es\/wp-json\/wp\/v2\/pages"}],"about":[{"href":"https:\/\/fusingtracks.com\/es\/wp-json\/wp\/v2\/types\/page"}],"author":[{"embeddable":true,"href":"https:\/\/fusingtracks.com\/es\/wp-json\/wp\/v2\/users\/1"}],"replies":[{"embeddable":true,"href":"https:\/\/fusingtracks.com\/es\/wp-json\/wp\/v2\/comments?post=31"}],"version-history":[{"count":20,"href":"https:\/\/fusingtracks.com\/es\/wp-json\/wp\/v2\/pages\/31\/revisions"}],"predecessor-version":[{"id":203,"href":"https:\/\/fusingtracks.com\/es\/wp-json\/wp\/v2\/pages\/31\/revisions\/203"}],"wp:attachment":[{"href":"https:\/\/fusingtracks.com\/es\/wp-json\/wp\/v2\/media?parent=31"}],"curies":[{"name":"wp","href":"https:\/\/api.w.org\/{rel}","templated":true}]}}