{"id":583,"date":"2023-08-29T10:34:55","date_gmt":"2023-08-29T10:34:55","guid":{"rendered":"https:\/\/fusingtracks.com\/?page_id=583"},"modified":"2023-10-10T16:07:00","modified_gmt":"2023-10-10T16:07:00","slug":"audio-campus-learning-content","status":"publish","type":"page","link":"https:\/\/fusingtracks.com\/es\/audio-campus-learning-content\/","title":{"rendered":"Learning Content at AUDIO CAMPUS"},"content":{"rendered":"<div class=\"wp-block-columns is-layout-flex wp-container-core-columns-is-layout-1 wp-block-columns-is-layout-flex\">\n<div class=\"wp-block-column is-layout-flow wp-block-column-is-layout-flow\">\n<figure class=\"wp-block-image size-large\"><img loading=\"lazy\" decoding=\"async\" width=\"1024\" height=\"683\" src=\"https:\/\/fusingtracks.com\/wp-content\/uploads\/2023\/08\/audio-CAMPUS-LOGO-NEGRO-1024x683.png\" alt=\"\" class=\"wp-image-588\" srcset=\"https:\/\/fusingtracks.com\/wp-content\/uploads\/2023\/08\/audio-CAMPUS-LOGO-NEGRO-1024x683.png 1024w, https:\/\/fusingtracks.com\/wp-content\/uploads\/2023\/08\/audio-CAMPUS-LOGO-NEGRO-300x200.png 300w, https:\/\/fusingtracks.com\/wp-content\/uploads\/2023\/08\/audio-CAMPUS-LOGO-NEGRO-768x512.png 768w, https:\/\/fusingtracks.com\/wp-content\/uploads\/2023\/08\/audio-CAMPUS-LOGO-NEGRO-1536x1024.png 1536w, https:\/\/fusingtracks.com\/wp-content\/uploads\/2023\/08\/audio-CAMPUS-LOGO-NEGRO-2048x1366.png 2048w, https:\/\/fusingtracks.com\/wp-content\/uploads\/2023\/08\/audio-CAMPUS-LOGO-NEGRO-200x133.png 200w\" sizes=\"(max-width: 1024px) 100vw, 1024px\" \/><\/figure>\n<\/div>\n\n\n\n<div class=\"wp-block-column is-vertically-aligned-center is-layout-flow wp-block-column-is-layout-flow\">\n<p class=\"has-text-align-center\"><strong>AUDIO CAMPUS<\/strong> es mi proyecto de ense\u00f1anza online. Con la misi\u00f3n de ayudar a quienes tengan inter\u00e9s por crear m\u00fasica, ense\u00f1\u00e1ndoles a usar recursos digitales de forma sencilla.<\/p>\n<\/div>\n<\/div>\n\n\n\n<div class=\"wp-block-columns is-layout-flex wp-container-core-columns-is-layout-2 wp-block-columns-is-layout-flex\">\n<div class=\"wp-block-column is-layout-flow wp-block-column-is-layout-flow\">\n<p>Only subscribe to access AUDIO CAMPUS and you will find the following content:<\/p>\n\n\n\n<ul class=\"wp-block-list\">\n<li>Ebooks y Gu\u00edas en PDF<\/li>\n\n\n\n<li>Episodios de Podcast<\/li>\n\n\n\n<li>Mi Blog y Newsletter: <strong>HIGH NOTES<\/strong><\/li>\n\n\n\n<li>Video cursos y tutoriales<\/li>\n<\/ul>\n\n\n\n<p>Now in development. Subscriptions will be open soon. Stay tuned.<\/p>\n<\/div>\n<\/div>\n\n\n\n<p><\/p>","protected":false},"excerpt":{"rendered":"<p>AUDIO CAMPUS is my online teaching project. The mission is to help anyone with a musical interest, how to use digital resources for music in a straightforward way. Only subscribe to access AUDIO CAMPUS and you will find the following content: Now in development. Subscriptions will be open soon. Stay tuned.<\/p>","protected":false},"author":1,"featured_media":0,"parent":0,"menu_order":0,"comment_status":"closed","ping_status":"closed","template":"","meta":{"_monsterinsights_skip_tracking":false,"_monsterinsights_sitenote_active":false,"_monsterinsights_sitenote_note":"","_monsterinsights_sitenote_category":0,"footnotes":""},"class_list":["post-583","page","type-page","status-publish","hentry"],"yoast_head":"<!-- This site is optimized with the Yoast SEO plugin v25.6 - https:\/\/yoast.com\/wordpress\/plugins\/seo\/ -->\n<title>Learning Content at AUDIO CAMPUS - FUSING TRACKS STUDIO<\/title>\n<meta name=\"description\" content=\"Learning content about music creation. Subscribe to AUDIO CAMPUS for free and access the podcast, guides, articles, tutorials and courses.\" \/>\n<meta name=\"robots\" content=\"index, follow, max-snippet:-1, max-image-preview:large, max-video-preview:-1\" \/>\n<link rel=\"canonical\" href=\"https:\/\/fusingtracks.com\/es\/audio-campus-learning-content\/\" \/>\n<meta property=\"og:locale\" content=\"es_ES\" \/>\n<meta property=\"og:type\" content=\"article\" \/>\n<meta property=\"og:title\" content=\"Learning Content at AUDIO CAMPUS - FUSING TRACKS STUDIO\" \/>\n<meta property=\"og:description\" content=\"Learning content about music creation. Subscribe to AUDIO CAMPUS for free and access the podcast, guides, articles, tutorials and courses.\" \/>\n<meta property=\"og:url\" content=\"https:\/\/fusingtracks.com\/es\/audio-campus-learning-content\/\" \/>\n<meta property=\"og:site_name\" content=\"FUSING TRACKS STUDIO\" \/>\n<meta property=\"article:publisher\" content=\"https:\/\/www.facebook.com\/vicentejosesanchezmusicaoriginal\" \/>\n<meta property=\"article:modified_time\" content=\"2023-10-10T16:07:00+00:00\" \/>\n<meta property=\"og:image\" content=\"https:\/\/fusingtracks.com\/wp-content\/uploads\/2023\/08\/audio-CAMPUS-LOGO-NEGRO-1024x683.png\" \/>\n<meta name=\"twitter:card\" content=\"summary_large_image\" \/>\n<meta name=\"twitter:site\" content=\"@fusing_tracks\" \/>\n<meta name=\"twitter:label1\" content=\"Tiempo de lectura\" \/>\n\t<meta name=\"twitter:data1\" content=\"1 minuto\" \/>\n<script type=\"application\/ld+json\" class=\"yoast-schema-graph\">{\"@context\":\"https:\/\/schema.org\",\"@graph\":[{\"@type\":\"WebPage\",\"@id\":\"https:\/\/fusingtracks.com\/audio-campus-learning-content\/\",\"url\":\"https:\/\/fusingtracks.com\/audio-campus-learning-content\/\",\"name\":\"Learning Content at AUDIO CAMPUS - FUSING TRACKS STUDIO\",\"isPartOf\":{\"@id\":\"https:\/\/fusingtracks.com\/#website\"},\"primaryImageOfPage\":{\"@id\":\"https:\/\/fusingtracks.com\/audio-campus-learning-content\/#primaryimage\"},\"image\":{\"@id\":\"https:\/\/fusingtracks.com\/audio-campus-learning-content\/#primaryimage\"},\"thumbnailUrl\":\"https:\/\/fusingtracks.com\/wp-content\/uploads\/2023\/08\/audio-CAMPUS-LOGO-NEGRO-1024x683.png\",\"datePublished\":\"2023-08-29T10:34:55+00:00\",\"dateModified\":\"2023-10-10T16:07:00+00:00\",\"description\":\"Learning content about music creation. Subscribe to AUDIO CAMPUS for free and access the podcast, guides, articles, tutorials and courses.\",\"breadcrumb\":{\"@id\":\"https:\/\/fusingtracks.com\/audio-campus-learning-content\/#breadcrumb\"},\"inLanguage\":\"es\",\"potentialAction\":[{\"@type\":\"ReadAction\",\"target\":[\"https:\/\/fusingtracks.com\/audio-campus-learning-content\/\"]}]},{\"@type\":\"ImageObject\",\"inLanguage\":\"es\",\"@id\":\"https:\/\/fusingtracks.com\/audio-campus-learning-content\/#primaryimage\",\"url\":\"https:\/\/fusingtracks.com\/wp-content\/uploads\/2023\/08\/audio-CAMPUS-LOGO-NEGRO-1024x683.png\",\"contentUrl\":\"https:\/\/fusingtracks.com\/wp-content\/uploads\/2023\/08\/audio-CAMPUS-LOGO-NEGRO-1024x683.png\"},{\"@type\":\"BreadcrumbList\",\"@id\":\"https:\/\/fusingtracks.com\/audio-campus-learning-content\/#breadcrumb\",\"itemListElement\":[{\"@type\":\"ListItem\",\"position\":1,\"name\":\"Home\",\"item\":\"https:\/\/fusingtracks.com\/\"},{\"@type\":\"ListItem\",\"position\":2,\"name\":\"Learning Content at AUDIO CAMPUS\"}]},{\"@type\":\"WebSite\",\"@id\":\"https:\/\/fusingtracks.com\/#website\",\"url\":\"https:\/\/fusingtracks.com\/\",\"name\":\"FUSING TRACKS STUDIO\",\"description\":\"Music for video creators\",\"publisher\":{\"@id\":\"https:\/\/fusingtracks.com\/#organization\"},\"potentialAction\":[{\"@type\":\"SearchAction\",\"target\":{\"@type\":\"EntryPoint\",\"urlTemplate\":\"https:\/\/fusingtracks.com\/?s={search_term_string}\"},\"query-input\":{\"@type\":\"PropertyValueSpecification\",\"valueRequired\":true,\"valueName\":\"search_term_string\"}}],\"inLanguage\":\"es\"},{\"@type\":\"Organization\",\"@id\":\"https:\/\/fusingtracks.com\/#organization\",\"name\":\"FUSING TRACKS STUDIO\",\"url\":\"https:\/\/fusingtracks.com\/\",\"logo\":{\"@type\":\"ImageObject\",\"inLanguage\":\"es\",\"@id\":\"https:\/\/fusingtracks.com\/#\/schema\/logo\/image\/\",\"url\":\"https:\/\/fusingtracks.com\/wp-content\/uploads\/2023\/03\/FTS-LOGO3-transparente-volumen.png\",\"contentUrl\":\"https:\/\/fusingtracks.com\/wp-content\/uploads\/2023\/03\/FTS-LOGO3-transparente-volumen.png\",\"width\":246,\"height\":225,\"caption\":\"FUSING TRACKS STUDIO\"},\"image\":{\"@id\":\"https:\/\/fusingtracks.com\/#\/schema\/logo\/image\/\"},\"sameAs\":[\"https:\/\/www.facebook.com\/vicentejosesanchezmusicaoriginal\",\"https:\/\/x.com\/fusing_tracks\"]}]}<\/script>\n<!-- \/ Yoast SEO plugin. -->","yoast_head_json":{"title":"Learning Content at AUDIO CAMPUS - FUSING TRACKS STUDIO","description":"Learning content about music creation. Subscribe to AUDIO CAMPUS for free and access the podcast, guides, articles, tutorials and courses.","robots":{"index":"index","follow":"follow","max-snippet":"max-snippet:-1","max-image-preview":"max-image-preview:large","max-video-preview":"max-video-preview:-1"},"canonical":"https:\/\/fusingtracks.com\/es\/audio-campus-learning-content\/","og_locale":"es_ES","og_type":"article","og_title":"Learning Content at AUDIO CAMPUS - FUSING TRACKS STUDIO","og_description":"Learning content about music creation. Subscribe to AUDIO CAMPUS for free and access the podcast, guides, articles, tutorials and courses.","og_url":"https:\/\/fusingtracks.com\/es\/audio-campus-learning-content\/","og_site_name":"FUSING TRACKS STUDIO","article_publisher":"https:\/\/www.facebook.com\/vicentejosesanchezmusicaoriginal","article_modified_time":"2023-10-10T16:07:00+00:00","og_image":[{"url":"https:\/\/fusingtracks.com\/wp-content\/uploads\/2023\/08\/audio-CAMPUS-LOGO-NEGRO-1024x683.png","type":"","width":"","height":""}],"twitter_card":"summary_large_image","twitter_site":"@fusing_tracks","twitter_misc":{"Tiempo de lectura":"1 minuto"},"schema":{"@context":"https:\/\/schema.org","@graph":[{"@type":"WebPage","@id":"https:\/\/fusingtracks.com\/audio-campus-learning-content\/","url":"https:\/\/fusingtracks.com\/audio-campus-learning-content\/","name":"Learning Content at AUDIO CAMPUS - FUSING TRACKS STUDIO","isPartOf":{"@id":"https:\/\/fusingtracks.com\/#website"},"primaryImageOfPage":{"@id":"https:\/\/fusingtracks.com\/audio-campus-learning-content\/#primaryimage"},"image":{"@id":"https:\/\/fusingtracks.com\/audio-campus-learning-content\/#primaryimage"},"thumbnailUrl":"https:\/\/fusingtracks.com\/wp-content\/uploads\/2023\/08\/audio-CAMPUS-LOGO-NEGRO-1024x683.png","datePublished":"2023-08-29T10:34:55+00:00","dateModified":"2023-10-10T16:07:00+00:00","description":"Learning content about music creation. Subscribe to AUDIO CAMPUS for free and access the podcast, guides, articles, tutorials and courses.","breadcrumb":{"@id":"https:\/\/fusingtracks.com\/audio-campus-learning-content\/#breadcrumb"},"inLanguage":"es","potentialAction":[{"@type":"ReadAction","target":["https:\/\/fusingtracks.com\/audio-campus-learning-content\/"]}]},{"@type":"ImageObject","inLanguage":"es","@id":"https:\/\/fusingtracks.com\/audio-campus-learning-content\/#primaryimage","url":"https:\/\/fusingtracks.com\/wp-content\/uploads\/2023\/08\/audio-CAMPUS-LOGO-NEGRO-1024x683.png","contentUrl":"https:\/\/fusingtracks.com\/wp-content\/uploads\/2023\/08\/audio-CAMPUS-LOGO-NEGRO-1024x683.png"},{"@type":"BreadcrumbList","@id":"https:\/\/fusingtracks.com\/audio-campus-learning-content\/#breadcrumb","itemListElement":[{"@type":"ListItem","position":1,"name":"Home","item":"https:\/\/fusingtracks.com\/"},{"@type":"ListItem","position":2,"name":"Learning Content at AUDIO CAMPUS"}]},{"@type":"WebSite","@id":"https:\/\/fusingtracks.com\/#website","url":"https:\/\/fusingtracks.com\/","name":"ESTUDIO DE PISTAS DE FUSI\u00d3N","description":"Music for video creators","publisher":{"@id":"https:\/\/fusingtracks.com\/#organization"},"potentialAction":[{"@type":"SearchAction","target":{"@type":"EntryPoint","urlTemplate":"https:\/\/fusingtracks.com\/?s={search_term_string}"},"query-input":{"@type":"PropertyValueSpecification","valueRequired":true,"valueName":"search_term_string"}}],"inLanguage":"es"},{"@type":"Organization","@id":"https:\/\/fusingtracks.com\/#organization","name":"ESTUDIO DE PISTAS DE FUSI\u00d3N","url":"https:\/\/fusingtracks.com\/","logo":{"@type":"ImageObject","inLanguage":"es","@id":"https:\/\/fusingtracks.com\/#\/schema\/logo\/image\/","url":"https:\/\/fusingtracks.com\/wp-content\/uploads\/2023\/03\/FTS-LOGO3-transparente-volumen.png","contentUrl":"https:\/\/fusingtracks.com\/wp-content\/uploads\/2023\/03\/FTS-LOGO3-transparente-volumen.png","width":246,"height":225,"caption":"FUSING TRACKS STUDIO"},"image":{"@id":"https:\/\/fusingtracks.com\/#\/schema\/logo\/image\/"},"sameAs":["https:\/\/www.facebook.com\/vicentejosesanchezmusicaoriginal","https:\/\/x.com\/fusing_tracks"]}]}},"_links":{"self":[{"href":"https:\/\/fusingtracks.com\/es\/wp-json\/wp\/v2\/pages\/583"}],"collection":[{"href":"https:\/\/fusingtracks.com\/es\/wp-json\/wp\/v2\/pages"}],"about":[{"href":"https:\/\/fusingtracks.com\/es\/wp-json\/wp\/v2\/types\/page"}],"author":[{"embeddable":true,"href":"https:\/\/fusingtracks.com\/es\/wp-json\/wp\/v2\/users\/1"}],"replies":[{"embeddable":true,"href":"https:\/\/fusingtracks.com\/es\/wp-json\/wp\/v2\/comments?post=583"}],"version-history":[{"count":19,"href":"https:\/\/fusingtracks.com\/es\/wp-json\/wp\/v2\/pages\/583\/revisions"}],"predecessor-version":[{"id":741,"href":"https:\/\/fusingtracks.com\/es\/wp-json\/wp\/v2\/pages\/583\/revisions\/741"}],"wp:attachment":[{"href":"https:\/\/fusingtracks.com\/es\/wp-json\/wp\/v2\/media?parent=583"}],"curies":[{"name":"wp","href":"https:\/\/api.w.org\/{rel}","templated":true}]}}