{"id":704,"date":"2023-10-06T14:41:49","date_gmt":"2023-10-06T14:41:49","guid":{"rendered":"https:\/\/fusingtracks.com\/personalizar-cookies\/"},"modified":"2023-10-06T14:41:49","modified_gmt":"2023-10-06T14:41:49","slug":"personalizar-cookies","status":"publish","type":"page","link":"https:\/\/fusingtracks.com\/es\/personalizar-cookies\/","title":{"rendered":"Personalizar Cookies"},"content":{"rendered":"<div>\n      <div id=\"custom-cookies-eu-label\">\n\n        Esta p\u00e1gina utiliza cookies.\n          &nbsp;&nbsp;\n          <a target=\"_blank\" id=\"cookies-eu-more\" rel=\"nofollow\" href=\"https:\/\/fusingtracks.com\/es\/politica-de-cookies\/\">M\u00e1s informaci\u00f3n<\/a>\n      <\/div>\n\n      <div id=\"custom-cookies-eu-buttons\" class=\"cookies-eu-buttons\">\n        <button id=\"custom-cookies-eu-reject\" class=\"cookies-eu-reject\">Rechazar<\/button>\n        <button id=\"custom-cookies-eu-accept\" class=\"cookies-eu-accept\">ACEPTAR TODAS LAS COOKIES<\/button><\/div>\n      <\/div>\n\n<br\/>\n<p>\n\tPuedes cambiar tus preferencias de cookies en cualquier momento si vuelves a la p\u00e1gina de Personalizar cookies, a la que puedes acceder a trav\u00e9s del Aviso de cookies. Para obtener m\u00e1s informaci\u00f3n sobre las cookies y c\u00f3mo las usamos, consulta la p\u00e1gina de <a href=\"https:\/\/fusingtracks.com\/es\/politica-de-cookies\/\">Pol\u00edtica de Cookies<\/a>.\n<\/p>\n\n<h3>Cookies t\u00e9cnicas<\/h3>\n<p>\n\tSon aquellas que permiten a los usuarios registrados navegar a trav\u00e9s del sitio Web, del \u00e1rea restringida y a utilizar sus diferentes funciones, como por ejemplo, el sistema de comentarios o el buscador o llevar a cabo el proceso de compra de un Producto o Servicio y no pueden ser desactivadas.\n<\/p>\n\n<div class=\"custom-cookies-option\">\n  <h3>Cookies de an\u00e1lisis o medici\u00f3n<\/h3>\n  <span>\n    <input type=\"radio\" name=\"cookies-analytics-option\" value=\"true\" class=\"custom-cookies-radio\" data-consent=\"ANLTCS\" id=\"custom-cookies-accept-analytics\" >\n    <label for=\"custom-cookies-accept-analytics\">Activar<\/label>\n    &nbsp;&nbsp;\n    <input type=\"radio\" name=\"cookies-analytics-option\" value=\"false\" class=\"custom-cookies-radio\" data-consent=\"ANLTCS\" id=\"custom-cookies-reject-analytics\" \n    checked>\n    <label for=\"custom-cookies-reject-analytics\">Desactivar<\/label>\n<\/span>\n<\/div>\n\n<p>\n\tSon aquellas que, bien tratadas por el sitio Web o por terceros, permiten cuantificar el n\u00famero de usuarios y as\u00ed realizar la medici\u00f3n y an\u00e1lisis estad\u00edstico de la utilizaci\u00f3n que hacen los usuarios del sitio Web. Para ello se analiza la navegaci\u00f3n que realizas en este sitio Web con el fin de mejorarlo.\n<\/p>\n\n<div class=\"custom-cookies-option\">\n  <h3>Cookies sociales<\/h3>\n  <span>\n    <input type=\"radio\" name=\"cookies-social-option\" value=\"true\" class=\"custom-cookies-radio\" data-consent=\"SCLS\" id=\"custom-cookies-accept-social\" \n    >\n    <label for=\"custom-cookies-accept-social\">Activar<\/label>\n    &nbsp;&nbsp;\n    <input type=\"radio\" name=\"cookies-social-option\" value=\"false\" class=\"custom-cookies-radio\" data-consent=\"SCLS\" id=\"custom-cookies-reject-social\" \n    checked>\n    <label for=\"custom-cookies-reject-social\">Desactivar<\/label>\n<\/span>\n<\/div>\n\n<p>\n  Son establecidas por las plataformas de redes sociales para permitir a los usuarios compartir contenido con sus amigos y redes.  \n<\/p>","protected":false},"excerpt":{"rendered":"<p>Esta p\u00e1gina utiliza cookies. &nbsp;&nbsp; M\u00e1s informaci\u00f3n Rechazar ACEPTAR TODAS LAS COOKIES Puedes cambiar tus preferencias de cookies en cualquier momento si vuelves a la p\u00e1gina de Personalizar cookies, a la que puedes acceder a trav\u00e9s del Aviso de cookies. Para obtener m\u00e1s informaci\u00f3n sobre las cookies y c\u00f3mo las usamos, consulta la p\u00e1gina de [&hellip;]<\/p>\n","protected":false},"author":1,"featured_media":0,"parent":0,"menu_order":0,"comment_status":"closed","ping_status":"closed","template":"","meta":{"_monsterinsights_skip_tracking":false,"_monsterinsights_sitenote_active":false,"_monsterinsights_sitenote_note":"","_monsterinsights_sitenote_category":0,"footnotes":""},"class_list":["post-704","page","type-page","status-publish","hentry"],"yoast_head":"<!-- This site is optimized with the Yoast SEO plugin v25.6 - https:\/\/yoast.com\/wordpress\/plugins\/seo\/ -->\n<title>Personalizar Cookies - FUSING TRACKS STUDIO<\/title>\n<meta name=\"robots\" content=\"index, follow, max-snippet:-1, max-image-preview:large, max-video-preview:-1\" \/>\n<link rel=\"canonical\" href=\"https:\/\/fusingtracks.com\/es\/personalizar-cookies\/\" \/>\n<meta property=\"og:locale\" content=\"es_ES\" \/>\n<meta property=\"og:type\" content=\"article\" \/>\n<meta property=\"og:title\" content=\"Personalizar Cookies - FUSING TRACKS STUDIO\" \/>\n<meta property=\"og:description\" content=\"Esta p\u00e1gina utiliza cookies. &nbsp;&nbsp; M\u00e1s informaci\u00f3n Rechazar ACEPTAR TODAS LAS COOKIES Puedes cambiar tus preferencias de cookies en cualquier momento si vuelves a la p\u00e1gina de Personalizar cookies, a la que puedes acceder a trav\u00e9s del Aviso de cookies. Para obtener m\u00e1s informaci\u00f3n sobre las cookies y c\u00f3mo las usamos, consulta la p\u00e1gina de [&hellip;]\" \/>\n<meta property=\"og:url\" content=\"https:\/\/fusingtracks.com\/es\/personalizar-cookies\/\" \/>\n<meta property=\"og:site_name\" content=\"FUSING TRACKS STUDIO\" \/>\n<meta property=\"article:publisher\" content=\"https:\/\/www.facebook.com\/vicentejosesanchezmusicaoriginal\" \/>\n<meta name=\"twitter:card\" content=\"summary_large_image\" \/>\n<meta name=\"twitter:site\" content=\"@fusing_tracks\" \/>\n<script type=\"application\/ld+json\" class=\"yoast-schema-graph\">{\"@context\":\"https:\/\/schema.org\",\"@graph\":[{\"@type\":\"WebPage\",\"@id\":\"https:\/\/fusingtracks.com\/personalizar-cookies\/\",\"url\":\"https:\/\/fusingtracks.com\/personalizar-cookies\/\",\"name\":\"Personalizar Cookies - FUSING TRACKS STUDIO\",\"isPartOf\":{\"@id\":\"https:\/\/fusingtracks.com\/#website\"},\"datePublished\":\"2023-10-06T14:41:49+00:00\",\"breadcrumb\":{\"@id\":\"https:\/\/fusingtracks.com\/personalizar-cookies\/#breadcrumb\"},\"inLanguage\":\"es\",\"potentialAction\":[{\"@type\":\"ReadAction\",\"target\":[\"https:\/\/fusingtracks.com\/personalizar-cookies\/\"]}]},{\"@type\":\"BreadcrumbList\",\"@id\":\"https:\/\/fusingtracks.com\/personalizar-cookies\/#breadcrumb\",\"itemListElement\":[{\"@type\":\"ListItem\",\"position\":1,\"name\":\"Home\",\"item\":\"https:\/\/fusingtracks.com\/\"},{\"@type\":\"ListItem\",\"position\":2,\"name\":\"Personalizar Cookies\"}]},{\"@type\":\"WebSite\",\"@id\":\"https:\/\/fusingtracks.com\/#website\",\"url\":\"https:\/\/fusingtracks.com\/\",\"name\":\"FUSING TRACKS STUDIO\",\"description\":\"Music for video creators\",\"publisher\":{\"@id\":\"https:\/\/fusingtracks.com\/#organization\"},\"potentialAction\":[{\"@type\":\"SearchAction\",\"target\":{\"@type\":\"EntryPoint\",\"urlTemplate\":\"https:\/\/fusingtracks.com\/?s={search_term_string}\"},\"query-input\":{\"@type\":\"PropertyValueSpecification\",\"valueRequired\":true,\"valueName\":\"search_term_string\"}}],\"inLanguage\":\"es\"},{\"@type\":\"Organization\",\"@id\":\"https:\/\/fusingtracks.com\/#organization\",\"name\":\"FUSING TRACKS STUDIO\",\"url\":\"https:\/\/fusingtracks.com\/\",\"logo\":{\"@type\":\"ImageObject\",\"inLanguage\":\"es\",\"@id\":\"https:\/\/fusingtracks.com\/#\/schema\/logo\/image\/\",\"url\":\"https:\/\/fusingtracks.com\/wp-content\/uploads\/2023\/03\/FTS-LOGO3-transparente-volumen.png\",\"contentUrl\":\"https:\/\/fusingtracks.com\/wp-content\/uploads\/2023\/03\/FTS-LOGO3-transparente-volumen.png\",\"width\":246,\"height\":225,\"caption\":\"FUSING TRACKS STUDIO\"},\"image\":{\"@id\":\"https:\/\/fusingtracks.com\/#\/schema\/logo\/image\/\"},\"sameAs\":[\"https:\/\/www.facebook.com\/vicentejosesanchezmusicaoriginal\",\"https:\/\/x.com\/fusing_tracks\"]}]}<\/script>\n<!-- \/ Yoast SEO plugin. -->","yoast_head_json":{"title":"Personalizar Cookies - FUSING TRACKS STUDIO","robots":{"index":"index","follow":"follow","max-snippet":"max-snippet:-1","max-image-preview":"max-image-preview:large","max-video-preview":"max-video-preview:-1"},"canonical":"https:\/\/fusingtracks.com\/es\/personalizar-cookies\/","og_locale":"es_ES","og_type":"article","og_title":"Personalizar Cookies - FUSING TRACKS STUDIO","og_description":"Esta p\u00e1gina utiliza cookies. &nbsp;&nbsp; M\u00e1s informaci\u00f3n Rechazar ACEPTAR TODAS LAS COOKIES Puedes cambiar tus preferencias de cookies en cualquier momento si vuelves a la p\u00e1gina de Personalizar cookies, a la que puedes acceder a trav\u00e9s del Aviso de cookies. Para obtener m\u00e1s informaci\u00f3n sobre las cookies y c\u00f3mo las usamos, consulta la p\u00e1gina de [&hellip;]","og_url":"https:\/\/fusingtracks.com\/es\/personalizar-cookies\/","og_site_name":"FUSING TRACKS STUDIO","article_publisher":"https:\/\/www.facebook.com\/vicentejosesanchezmusicaoriginal","twitter_card":"summary_large_image","twitter_site":"@fusing_tracks","schema":{"@context":"https:\/\/schema.org","@graph":[{"@type":"WebPage","@id":"https:\/\/fusingtracks.com\/personalizar-cookies\/","url":"https:\/\/fusingtracks.com\/personalizar-cookies\/","name":"Personalizar Cookies - FUSING TRACKS STUDIO","isPartOf":{"@id":"https:\/\/fusingtracks.com\/#website"},"datePublished":"2023-10-06T14:41:49+00:00","breadcrumb":{"@id":"https:\/\/fusingtracks.com\/personalizar-cookies\/#breadcrumb"},"inLanguage":"es","potentialAction":[{"@type":"ReadAction","target":["https:\/\/fusingtracks.com\/personalizar-cookies\/"]}]},{"@type":"BreadcrumbList","@id":"https:\/\/fusingtracks.com\/personalizar-cookies\/#breadcrumb","itemListElement":[{"@type":"ListItem","position":1,"name":"Home","item":"https:\/\/fusingtracks.com\/"},{"@type":"ListItem","position":2,"name":"Personalizar Cookies"}]},{"@type":"WebSite","@id":"https:\/\/fusingtracks.com\/#website","url":"https:\/\/fusingtracks.com\/","name":"ESTUDIO DE PISTAS DE FUSI\u00d3N","description":"Music for video creators","publisher":{"@id":"https:\/\/fusingtracks.com\/#organization"},"potentialAction":[{"@type":"SearchAction","target":{"@type":"EntryPoint","urlTemplate":"https:\/\/fusingtracks.com\/?s={search_term_string}"},"query-input":{"@type":"PropertyValueSpecification","valueRequired":true,"valueName":"search_term_string"}}],"inLanguage":"es"},{"@type":"Organization","@id":"https:\/\/fusingtracks.com\/#organization","name":"ESTUDIO DE PISTAS DE FUSI\u00d3N","url":"https:\/\/fusingtracks.com\/","logo":{"@type":"ImageObject","inLanguage":"es","@id":"https:\/\/fusingtracks.com\/#\/schema\/logo\/image\/","url":"https:\/\/fusingtracks.com\/wp-content\/uploads\/2023\/03\/FTS-LOGO3-transparente-volumen.png","contentUrl":"https:\/\/fusingtracks.com\/wp-content\/uploads\/2023\/03\/FTS-LOGO3-transparente-volumen.png","width":246,"height":225,"caption":"FUSING TRACKS STUDIO"},"image":{"@id":"https:\/\/fusingtracks.com\/#\/schema\/logo\/image\/"},"sameAs":["https:\/\/www.facebook.com\/vicentejosesanchezmusicaoriginal","https:\/\/x.com\/fusing_tracks"]}]}},"_links":{"self":[{"href":"https:\/\/fusingtracks.com\/es\/wp-json\/wp\/v2\/pages\/704"}],"collection":[{"href":"https:\/\/fusingtracks.com\/es\/wp-json\/wp\/v2\/pages"}],"about":[{"href":"https:\/\/fusingtracks.com\/es\/wp-json\/wp\/v2\/types\/page"}],"author":[{"embeddable":true,"href":"https:\/\/fusingtracks.com\/es\/wp-json\/wp\/v2\/users\/1"}],"replies":[{"embeddable":true,"href":"https:\/\/fusingtracks.com\/es\/wp-json\/wp\/v2\/comments?post=704"}],"version-history":[{"count":0,"href":"https:\/\/fusingtracks.com\/es\/wp-json\/wp\/v2\/pages\/704\/revisions"}],"wp:attachment":[{"href":"https:\/\/fusingtracks.com\/es\/wp-json\/wp\/v2\/media?parent=704"}],"curies":[{"name":"wp","href":"https:\/\/api.w.org\/{rel}","templated":true}]}}